{"id":2957,"date":"2025-06-27T14:12:08","date_gmt":"2025-06-27T14:12:08","guid":{"rendered":"https:\/\/nauticalportimao.com\/politique-de-confidentialite\/"},"modified":"2025-10-06T15:44:31","modified_gmt":"2025-10-06T15:44:31","slug":"politique-de-confidentialite","status":"publish","type":"page","link":"https:\/\/nauticalportimao.com\/fr\/politique-de-confidentialite\/","title":{"rendered":"Politique de confidentialit\u00e9"},"content":{"rendered":"\t\t<div data-elementor-type=\"wp-page\" data-elementor-id=\"2957\" class=\"elementor elementor-2957 elementor-1520\">\n\t\t\t\t<div class=\"elementor-element elementor-element-10b8428 e-flex e-con-boxed e-con e-parent\" data-id=\"10b8428\" data-element_type=\"container\" data-e-type=\"container\" data-settings=\"{&quot;background_background&quot;:&quot;classic&quot;}\">\n\t\t\t\t\t<div class=\"e-con-inner\">\n\t\t<div class=\"elementor-element elementor-element-1e4612c e-con-full e-flex e-con e-child\" data-id=\"1e4612c\" data-element_type=\"container\" data-e-type=\"container\">\n\t\t\t\t<div class=\"elementor-element elementor-element-0551241 elementor-widget elementor-widget-heading\" data-id=\"0551241\" data-element_type=\"widget\" data-e-type=\"widget\" data-widget_type=\"heading.default\">\n\t\t\t\t\t\t<div class=\"elementor-widget-container\">\n\t\t\t\t\t<h1 class=\"elementor-heading-title elementor-size-default\">Politique de confidentialit\u00e9<\/h1>\t\t\t\t<\/div>\n\t\t\t\t<\/div>\n\t\t\t\t<\/div>\n\t\t\t\t\t<\/div>\n\t\t\t\t<\/div>\n\t\t<div class=\"elementor-element elementor-element-921adc3 e-flex e-con-boxed e-con e-parent\" data-id=\"921adc3\" data-element_type=\"container\" data-e-type=\"container\" data-settings=\"{&quot;background_background&quot;:&quot;classic&quot;}\">\n\t\t\t\t\t<div class=\"e-con-inner\">\n\t\t\t\t<div class=\"elementor-element elementor-element-c307bed elementor-widget elementor-widget-heading\" data-id=\"c307bed\" data-element_type=\"widget\" data-e-type=\"widget\" data-widget_type=\"heading.default\">\n\t\t\t\t\t\t<div class=\"elementor-widget-container\">\n\t\t\t\t\t<h2 class=\"elementor-heading-title elementor-size-default\">Conditions g\u00e9n\u00e9rales d'utilisation<\/h2>\t\t\t\t<\/div>\n\t\t\t\t<\/div>\n\t\t\t\t<div class=\"elementor-element elementor-element-0196651 elementor-widget elementor-widget-text-editor\" data-id=\"0196651\" data-element_type=\"widget\" data-e-type=\"widget\" data-widget_type=\"text-editor.default\">\n\t\t\t\t\t\t<div class=\"elementor-widget-container\">\n\t\t\t\t\t\t\t\t\t<h3><b>Mentions l\u00e9gales<\/b><\/h3><p>Vous devez lire attentivement les conditions g\u00e9n\u00e9rales et vous serez r\u00e9put\u00e9 les avoir accept\u00e9es si vous acc\u00e9dez au site web ou si vous l&rsquo;utilisez, sans qu&rsquo;aucun acte ou consentement ult\u00e9rieur ne soit n\u00e9cessaire.<\/p><p>Les termes et conditions peuvent \u00eatre modifi\u00e9s \u00e0 tout moment par le <b>Conseil Municipal de Portim\u00e3o<\/b>, en tant qu&rsquo;organe de coordination de la <b>Station Nautique de Portim\u00e3o<\/b>, et les modifications seront consid\u00e9r\u00e9es comme entrant en vigueur \u00e0 partir de la date \u00e0 laquelle elles sont mises \u00e0 disposition sur le site web. L&rsquo;acc\u00e8s et l&rsquo;utilisation ult\u00e9rieurs du site Web par l&rsquo;utilisateur seront consid\u00e9r\u00e9s comme un signe sans \u00e9quivoque de la lecture, de l&rsquo;acceptation et de la compr\u00e9hension des conditions modifi\u00e9es. <\/p><h3><b>Organisation responsable<\/b><\/h3><p>Le <b>conseil municipal de Portim\u00e3o<\/b>, en tant qu&rsquo;organe de coordination de la <b>station nautique de Portim\u00e3o<\/b>, est responsable du d\u00e9veloppement et de la maintenance du site web de <b>la station nautique de Portim\u00e3o<\/b>.<\/p><h3><b>Droit d&rsquo;auteur<\/b><\/h3><p>Le contenu et la <i>conception de<\/i> ce site Web sont la propri\u00e9t\u00e9 du <b>conseil municipal de Portim\u00e3o<\/b>, en tant qu&rsquo;organisation coordinatrice de la <b>station nautique de Portim\u00e3o<\/b>. La reproduction du contenu est autoris\u00e9e \u00e0 condition que la source soit cit\u00e9e, sauf indication contraire. <\/p><h3><b>Clause de non-responsabilit\u00e9<\/b><\/h3><p>Le <b>conseil municipal de Portim\u00e3o<\/b>, en tant qu&rsquo;organe de coordination de la <b>station nautique de Portim\u00e3o<\/b>, g\u00e8re ce site Web dans le but de permettre aux citoyens d&rsquo;acc\u00e9der \u00e0 toutes les informations sur les services des partenaires et les points d&rsquo;int\u00e9r\u00eat touristique de la municipalit\u00e9 de Portim\u00e3o.<\/p><p>Toutefois, les informations fournies peuvent ne pas \u00eatre \u00e0 jour, de sorte que la consultation officielle de la documentation n&rsquo;est pas dispens\u00e9e, et il n&rsquo;est pas non plus garanti ou d\u00e9clar\u00e9 que les fichiers pouvant \u00eatre <i>t\u00e9l\u00e9charg\u00e9s<\/i> \u00e0 partir du site web sont exempts de virus.<\/p><p>Le site Web contient des <i>liens<\/i> externes sur lesquels le <b>conseil municipal de Portim\u00e3o<\/b>, en tant qu&rsquo;organe de coordination de la <b>station nautique de Portim\u00e3o<\/b>, n&rsquo;a aucun contr\u00f4le et pour lesquels il n&rsquo;assume aucune responsabilit\u00e9.<\/p><h3><b>Acc\u00e8s et modifications du site web<\/b><\/h3><p>Le <b>conseil municipal de Portim\u00e3o<\/b>, en tant qu&rsquo;organisation coordinatrice de la <b>station nautique de Portim\u00e3o<\/b>, se r\u00e9serve le droit de suspendre, de modifier, d&rsquo;ajouter ou de supprimer une partie du contenu du site Web, ainsi que d&rsquo;\u00e9tablir des zones d&rsquo;acc\u00e8s restreint.<\/p><h3><b>Mauvais usage<\/b><\/h3><p>Il est interdit d&rsquo;utiliser le contenu du site web \u00e0 des fins ill\u00e9gales ou \u00e0 toute autre fin pouvant \u00eatre consid\u00e9r\u00e9e comme indigne ou abusive. Il est \u00e9galement interdit de cr\u00e9er ou d&rsquo;introduire sur ce site tout type de virus ou autre code ou programme contenant des propri\u00e9t\u00e9s destructrices ou nuisibles \u00e0 son fonctionnement. <\/p><h3><b>Vie priv\u00e9e et s\u00e9curit\u00e9<\/b><\/h3><p>Les sites web de la <b>Municipalit\u00e9 de Portim\u00e3o<\/b> garantissent \u00e0 leurs utilisateurs la confidentialit\u00e9 et la s\u00e9curit\u00e9 des donn\u00e9es fournies, et seules les donn\u00e9es n\u00e9cessaires sont demand\u00e9es et collect\u00e9es. Si elle en fait la demande, la personne concern\u00e9e a le droit d&rsquo;acc\u00e9der aux donn\u00e9es fournies, de les rectifier ou de les supprimer. <\/p><p>Nous prenons les engagements suivants \u00e0 l&rsquo;\u00e9gard des utilisateurs du site :<\/p><ul><li><p>Traiter les donn\u00e9es de mani\u00e8re l\u00e9gale et loyale, en ne collectant que les informations n\u00e9cessaires et pertinentes au regard de l&rsquo;objectif poursuivi ;<\/p><\/li><li><p>Permettre \u00e0 la personne concern\u00e9e d&rsquo;acc\u00e9der aux informations enregistr\u00e9es \u00e0 son sujet et de les corriger, en les transmettant dans un langage clair et correspondant strictement au contenu de l&rsquo;enregistrement ;<\/p><\/li><li><p>Ne pas utiliser les donn\u00e9es collect\u00e9es \u00e0 des fins incompatibles avec celles pour lesquelles elles ont \u00e9t\u00e9 collect\u00e9es ;<\/p><\/li><li><p>Veillez \u00e0 ce que les donn\u00e9es soient exactes et, si n\u00e9cessaire, actualis\u00e9es ;<\/p><\/li><li><p>S&rsquo;assurer du consentement explicite de la personne concern\u00e9e chaque fois que cela est n\u00e9cessaire ;<\/p><\/li><li><p>Garantir gratuitement le droit d&rsquo;effacer les donn\u00e9es utilis\u00e9es lorsque la personne concern\u00e9e en fait la demande ;<\/p><\/li><li><p>Disposer de syst\u00e8mes de s\u00e9curit\u00e9 emp\u00eachant la consultation, la modification, la destruction ou l&rsquo;ajout de donn\u00e9es par une personne non autoris\u00e9e, et permettant de d\u00e9tecter les d\u00e9viations intentionnelles ou non des informations ;<\/p><\/li><li><p>Respecter le secret professionnel en ce qui concerne les donn\u00e9es trait\u00e9es ;<\/p><\/li><li><p>Pas d&rsquo;interconnexion de donn\u00e9es \u00e0 caract\u00e8re personnel, sauf autorisation l\u00e9gale ou autorisation de la CNPD.<\/p><\/li><\/ul><h3><b>Informations personnelles collect\u00e9es<\/b><\/h3><p>La <b>mairie de Portim\u00e3o<\/b>, en tant qu&rsquo;organe de coordination de la <b>Station Nautique de Portim\u00e3o<\/b>, prend au s\u00e9rieux la confidentialit\u00e9 et la protection des donn\u00e9es enregistr\u00e9es par ses utilisateurs. Lorsque vous utilisez notre site web et qu&rsquo;il est n\u00e9cessaire de collecter certaines de vos donn\u00e9es personnelles, le fait de les fournir est consid\u00e9r\u00e9 comme un consentement \u00e0 les utiliser aux fins auxquelles elles sont destin\u00e9es. <\/p><h3><b>S\u00e9curit\u00e9 et utilisation de l&rsquo;information<\/b><\/h3><p>Les employ\u00e9s et les collaborateurs de la <b>Mairie de Portim\u00e3o<\/b> sont tenus de pr\u00e9server la confidentialit\u00e9 des donn\u00e9es auxquelles ils ont acc\u00e8s dans le cadre des op\u00e9rations de la base informatique respective, et sont d\u00fbment inform\u00e9s de l&rsquo;importance du respect de cette obligation l\u00e9gale de secret et sont responsables du respect de cette obligation de confidentialit\u00e9. Notre objectif est de garantir la qualit\u00e9 et l&rsquo;int\u00e9grit\u00e9 des informations fournies par les utilisateurs de notre site web et, \u00e0 cette fin, nous avons mis en \u0153uvre les mesures n\u00e9cessaires, tant au niveau technologique qu&rsquo;organisationnel, pour que ces informations restent s\u00fbres, exactes, \u00e0 jour et compl\u00e8tes. <\/p><h3><b>Contenu<\/b><\/h3><p>La <b>mairie de Portim\u00e3o<\/b>, en tant qu&rsquo;organe de coordination de la <b>station nautique de Portim\u00e3o<\/b>, se r\u00e9serve le droit de supprimer les textes et autres contenus qui, directement ou indirectement, incluent :<\/p><ul><li><p>Les contenus racistes, x\u00e9nophobes, diffamatoires, les accusations criminelles et les messages appelant \u00e0 la violence ou susceptibles de violer les droits de l&rsquo;homme de quelque mani\u00e8re que ce soit ;<\/p><\/li><li><p>Langage inappropri\u00e9 ou obsc\u00e8ne ;<\/p><\/li><li><p>Contenu incompr\u00e9hensible ;<\/p><\/li><li><p>Messages \u00e0 des fins commerciales ou publicitaires ;<\/p><\/li><li><p>Contenu copi\u00e9 sur des tiers ou qui viole de quelque mani\u00e8re que ce soit les droits de propri\u00e9t\u00e9 intellectuelle ;<\/p><\/li><li><p>HTML, des virus, des codes malveillants ou des adresses de pages qui menacent la s\u00e9curit\u00e9 des utilisateurs ;<\/p><\/li><li><p>Les commentaires qui ne sont pas li\u00e9s au sujet en question.<\/p><\/li><\/ul><h3><b>Fichiers journaux statistiques<\/b><\/h3><p>Le site contr\u00f4le toutes les informations statistiques relatives \u00e0 l&rsquo;utilisation des sites sous une forme agr\u00e9g\u00e9e et anonyme. Les donn\u00e9es utilis\u00e9es \u00e0 cette fin ne contiennent pas d&rsquo;informations personnelles identifiables ou priv\u00e9es. Les analyses effectu\u00e9es sur la base des informations statistiques agr\u00e9g\u00e9es seront r\u00e9alis\u00e9es afin d&rsquo;interpr\u00e9ter les sch\u00e9mas d&rsquo;utilisation des sites et d&rsquo;am\u00e9liorer continuellement les niveaux de service et la satisfaction des utilisateurs. Les informations statistiques agr\u00e9g\u00e9es r\u00e9sultant des analyses effectu\u00e9es peuvent \u00eatre divulgu\u00e9es \u00e0 des tiers ou au public.   <\/p><h3><b>Technologie<\/b><\/h3><p>Le site utilise principalement des technologies <i>open source<\/i>. Les langages de programmation utilis\u00e9s sont Php, Javascript, HTML et CSS. Les <i>frameworks<\/i> utilis\u00e9s sont WordPress, Jquery, Flynt, Timber, Twig, Bootstrap et Sass.  <\/p><h3><b>Contact<\/b><\/h3><p>Pour de plus amples informations, veuillez contacter : <b>info@visitportimao.com<\/b>.<\/p>\t\t\t\t\t\t\t\t<\/div>\n\t\t\t\t<\/div>\n\t\t\t\t\t<\/div>\n\t\t\t\t<\/div>\n\t\t\t\t<\/div>\n\t\t","protected":false},"excerpt":{"rendered":"<p>Politique de confidentialit\u00e9 Conditions g\u00e9n\u00e9rales d&rsquo;utilisation Mentions l\u00e9gales Vous devez lire attentivement les conditions g\u00e9n\u00e9rales et vous serez r\u00e9put\u00e9 les avoir accept\u00e9es si vous acc\u00e9dez au site web ou si vous l&rsquo;utilisez, sans qu&rsquo;aucun acte ou consentement ult\u00e9rieur ne soit n\u00e9cessaire. Les termes et conditions peuvent \u00eatre modifi\u00e9s \u00e0 tout moment par le Conseil Municipal [&hellip;]<\/p>\n","protected":false},"author":1,"featured_media":0,"parent":0,"menu_order":0,"comment_status":"closed","ping_status":"closed","template":"","meta":{"_acf_changed":false,"site-sidebar-layout":"no-sidebar","site-content-layout":"page-builder","ast-site-content-layout":"full-width-container","site-content-style":"default","site-sidebar-style":"default","ast-global-header-display":"","ast-banner-title-visibility":"","ast-main-header-display":"","ast-hfb-above-header-display":"","ast-hfb-below-header-display":"","ast-hfb-mobile-header-display":"","site-post-title":"disabled","ast-breadcrumbs-content":"","ast-featured-img":"disabled","footer-sml-layout":"","ast-disable-related-posts":"","theme-transparent-header-meta":"","adv-header-id-meta":"","stick-header-meta":"","header-above-stick-meta":"","header-main-stick-meta":"","header-below-stick-meta":"","astra-migrate-meta-layouts":"default","ast-page-background-enabled":"default","ast-page-background-meta":{"desktop":{"background-color":"","background-image":"","background-repeat":"repeat","background-position":"center center","background-size":"auto","background-attachment":"scroll","background-type":"","background-media":"","overlay-type":"","overlay-color":"","overlay-opacity":"","overlay-gradient":""},"tablet":{"background-color":"","background-image":"","background-repeat":"repeat","background-position":"center center","background-size":"auto","background-attachment":"scroll","background-type":"","background-media":"","overlay-type":"","overlay-color":"","overlay-opacity":"","overlay-gradient":""},"mobile":{"background-color":"","background-image":"","background-repeat":"repeat","background-position":"center center","background-size":"auto","background-attachment":"scroll","background-type":"","background-media":"","overlay-type":"","overlay-color":"","overlay-opacity":"","overlay-gradient":""}},"ast-content-background-meta":{"desktop":{"background-color":"var(--ast-global-color-5)","background-image":"","background-repeat":"repeat","background-position":"center center","background-size":"auto","background-attachment":"scroll","background-type":"","background-media":"","overlay-type":"","overlay-color":"","overlay-opacity":"","overlay-gradient":""},"tablet":{"background-color":"var(--ast-global-color-5)","background-image":"","background-repeat":"repeat","background-position":"center center","background-size":"auto","background-attachment":"scroll","background-type":"","background-media":"","overlay-type":"","overlay-color":"","overlay-opacity":"","overlay-gradient":""},"mobile":{"background-color":"var(--ast-global-color-5)","background-image":"","background-repeat":"repeat","background-position":"center center","background-size":"auto","background-attachment":"scroll","background-type":"","background-media":"","overlay-type":"","overlay-color":"","overlay-opacity":"","overlay-gradient":""}},"footnotes":""},"class_list":["post-2957","page","type-page","status-publish","hentry"],"acf":[],"yoast_head":"<!-- This site is optimized with the Yoast SEO plugin v27.4 - https:\/\/yoast.com\/product\/yoast-seo-wordpress\/ -->\n<title>Politique de confidentialit\u00e9 - Esta\u00e7\u00e3o N\u00e1utica de Portim\u00e3o<\/title>\n<meta name=\"robots\" content=\"index, follow, max-snippet:-1, max-image-preview:large, max-video-preview:-1\" \/>\n<link rel=\"canonical\" href=\"https:\/\/nauticalportimao.com\/fr\/politique-de-confidentialite\/\" \/>\n<meta property=\"og:locale\" content=\"fr_FR\" \/>\n<meta property=\"og:type\" content=\"article\" \/>\n<meta property=\"og:title\" content=\"Politique de confidentialit\u00e9 - Esta\u00e7\u00e3o N\u00e1utica de Portim\u00e3o\" \/>\n<meta property=\"og:description\" content=\"Politique de confidentialit\u00e9 Conditions g\u00e9n\u00e9rales d&rsquo;utilisation Mentions l\u00e9gales Vous devez lire attentivement les conditions g\u00e9n\u00e9rales et vous serez r\u00e9put\u00e9 les avoir accept\u00e9es si vous acc\u00e9dez au site web ou si vous l&rsquo;utilisez, sans qu&rsquo;aucun acte ou consentement ult\u00e9rieur ne soit n\u00e9cessaire. Les termes et conditions peuvent \u00eatre modifi\u00e9s \u00e0 tout moment par le Conseil Municipal [&hellip;]\" \/>\n<meta property=\"og:url\" content=\"https:\/\/nauticalportimao.com\/fr\/politique-de-confidentialite\/\" \/>\n<meta property=\"og:site_name\" content=\"Esta\u00e7\u00e3o N\u00e1utica de Portim\u00e3o\" \/>\n<meta property=\"article:modified_time\" content=\"2025-10-06T15:44:31+00:00\" \/>\n<meta name=\"twitter:card\" content=\"summary_large_image\" \/>\n<meta name=\"twitter:label1\" content=\"Dur\u00e9e de lecture estim\u00e9e\" \/>\n\t<meta name=\"twitter:data1\" content=\"6 minutes\" \/>\n<script type=\"application\/ld+json\" class=\"yoast-schema-graph\">{\"@context\":\"https:\\\/\\\/schema.org\",\"@graph\":[{\"@type\":\"WebPage\",\"@id\":\"https:\\\/\\\/nauticalportimao.com\\\/fr\\\/politique-de-confidentialite\\\/\",\"url\":\"https:\\\/\\\/nauticalportimao.com\\\/fr\\\/politique-de-confidentialite\\\/\",\"name\":\"Politique de confidentialit\u00e9 - Esta\u00e7\u00e3o N\u00e1utica de Portim\u00e3o\",\"isPartOf\":{\"@id\":\"https:\\\/\\\/nauticalportimao.com\\\/fr\\\/#website\"},\"datePublished\":\"2025-06-27T14:12:08+00:00\",\"dateModified\":\"2025-10-06T15:44:31+00:00\",\"breadcrumb\":{\"@id\":\"https:\\\/\\\/nauticalportimao.com\\\/fr\\\/politique-de-confidentialite\\\/#breadcrumb\"},\"inLanguage\":\"fr-FR\",\"potentialAction\":[{\"@type\":\"ReadAction\",\"target\":[\"https:\\\/\\\/nauticalportimao.com\\\/fr\\\/politique-de-confidentialite\\\/\"]}]},{\"@type\":\"BreadcrumbList\",\"@id\":\"https:\\\/\\\/nauticalportimao.com\\\/fr\\\/politique-de-confidentialite\\\/#breadcrumb\",\"itemListElement\":[{\"@type\":\"ListItem\",\"position\":1,\"name\":\"In\u00edcio\",\"item\":\"https:\\\/\\\/nauticalportimao.com\\\/fr\\\/\"},{\"@type\":\"ListItem\",\"position\":2,\"name\":\"Politique de confidentialit\u00e9\"}]},{\"@type\":\"WebSite\",\"@id\":\"https:\\\/\\\/nauticalportimao.com\\\/fr\\\/#website\",\"url\":\"https:\\\/\\\/nauticalportimao.com\\\/fr\\\/\",\"name\":\"Esta\u00e7\u00e3o N\u00e1utica de Portim\u00e3o\",\"description\":\"\",\"publisher\":{\"@id\":\"https:\\\/\\\/nauticalportimao.com\\\/fr\\\/#organization\"},\"potentialAction\":[{\"@type\":\"SearchAction\",\"target\":{\"@type\":\"EntryPoint\",\"urlTemplate\":\"https:\\\/\\\/nauticalportimao.com\\\/fr\\\/?s={search_term_string}\"},\"query-input\":{\"@type\":\"PropertyValueSpecification\",\"valueRequired\":true,\"valueName\":\"search_term_string\"}}],\"inLanguage\":\"fr-FR\"},{\"@type\":\"Organization\",\"@id\":\"https:\\\/\\\/nauticalportimao.com\\\/fr\\\/#organization\",\"name\":\"Esta\u00e7\u00e3o N\u00e1utica de Portim\u00e3o\",\"url\":\"https:\\\/\\\/nauticalportimao.com\\\/fr\\\/\",\"logo\":{\"@type\":\"ImageObject\",\"inLanguage\":\"fr-FR\",\"@id\":\"https:\\\/\\\/nauticalportimao.com\\\/fr\\\/#\\\/schema\\\/logo\\\/image\\\/\",\"url\":\"https:\\\/\\\/nauticalportimao.com\\\/wp-content\\\/uploads\\\/2025\\\/08\\\/Estacao-Nautica-Negativo.png\",\"contentUrl\":\"https:\\\/\\\/nauticalportimao.com\\\/wp-content\\\/uploads\\\/2025\\\/08\\\/Estacao-Nautica-Negativo.png\",\"width\":500,\"height\":300,\"caption\":\"Esta\u00e7\u00e3o N\u00e1utica de Portim\u00e3o\"},\"image\":{\"@id\":\"https:\\\/\\\/nauticalportimao.com\\\/fr\\\/#\\\/schema\\\/logo\\\/image\\\/\"}}]}<\/script>\n<!-- \/ Yoast SEO plugin. -->","yoast_head_json":{"title":"Politique de confidentialit\u00e9 - Esta\u00e7\u00e3o N\u00e1utica de Portim\u00e3o","robots":{"index":"index","follow":"follow","max-snippet":"max-snippet:-1","max-image-preview":"max-image-preview:large","max-video-preview":"max-video-preview:-1"},"canonical":"https:\/\/nauticalportimao.com\/fr\/politique-de-confidentialite\/","og_locale":"fr_FR","og_type":"article","og_title":"Politique de confidentialit\u00e9 - Esta\u00e7\u00e3o N\u00e1utica de Portim\u00e3o","og_description":"Politique de confidentialit\u00e9 Conditions g\u00e9n\u00e9rales d&rsquo;utilisation Mentions l\u00e9gales Vous devez lire attentivement les conditions g\u00e9n\u00e9rales et vous serez r\u00e9put\u00e9 les avoir accept\u00e9es si vous acc\u00e9dez au site web ou si vous l&rsquo;utilisez, sans qu&rsquo;aucun acte ou consentement ult\u00e9rieur ne soit n\u00e9cessaire. Les termes et conditions peuvent \u00eatre modifi\u00e9s \u00e0 tout moment par le Conseil Municipal [&hellip;]","og_url":"https:\/\/nauticalportimao.com\/fr\/politique-de-confidentialite\/","og_site_name":"Esta\u00e7\u00e3o N\u00e1utica de Portim\u00e3o","article_modified_time":"2025-10-06T15:44:31+00:00","twitter_card":"summary_large_image","twitter_misc":{"Dur\u00e9e de lecture estim\u00e9e":"6 minutes"},"schema":{"@context":"https:\/\/schema.org","@graph":[{"@type":"WebPage","@id":"https:\/\/nauticalportimao.com\/fr\/politique-de-confidentialite\/","url":"https:\/\/nauticalportimao.com\/fr\/politique-de-confidentialite\/","name":"Politique de confidentialit\u00e9 - Esta\u00e7\u00e3o N\u00e1utica de Portim\u00e3o","isPartOf":{"@id":"https:\/\/nauticalportimao.com\/fr\/#website"},"datePublished":"2025-06-27T14:12:08+00:00","dateModified":"2025-10-06T15:44:31+00:00","breadcrumb":{"@id":"https:\/\/nauticalportimao.com\/fr\/politique-de-confidentialite\/#breadcrumb"},"inLanguage":"fr-FR","potentialAction":[{"@type":"ReadAction","target":["https:\/\/nauticalportimao.com\/fr\/politique-de-confidentialite\/"]}]},{"@type":"BreadcrumbList","@id":"https:\/\/nauticalportimao.com\/fr\/politique-de-confidentialite\/#breadcrumb","itemListElement":[{"@type":"ListItem","position":1,"name":"In\u00edcio","item":"https:\/\/nauticalportimao.com\/fr\/"},{"@type":"ListItem","position":2,"name":"Politique de confidentialit\u00e9"}]},{"@type":"WebSite","@id":"https:\/\/nauticalportimao.com\/fr\/#website","url":"https:\/\/nauticalportimao.com\/fr\/","name":"Esta\u00e7\u00e3o N\u00e1utica de Portim\u00e3o","description":"","publisher":{"@id":"https:\/\/nauticalportimao.com\/fr\/#organization"},"potentialAction":[{"@type":"SearchAction","target":{"@type":"EntryPoint","urlTemplate":"https:\/\/nauticalportimao.com\/fr\/?s={search_term_string}"},"query-input":{"@type":"PropertyValueSpecification","valueRequired":true,"valueName":"search_term_string"}}],"inLanguage":"fr-FR"},{"@type":"Organization","@id":"https:\/\/nauticalportimao.com\/fr\/#organization","name":"Esta\u00e7\u00e3o N\u00e1utica de Portim\u00e3o","url":"https:\/\/nauticalportimao.com\/fr\/","logo":{"@type":"ImageObject","inLanguage":"fr-FR","@id":"https:\/\/nauticalportimao.com\/fr\/#\/schema\/logo\/image\/","url":"https:\/\/nauticalportimao.com\/wp-content\/uploads\/2025\/08\/Estacao-Nautica-Negativo.png","contentUrl":"https:\/\/nauticalportimao.com\/wp-content\/uploads\/2025\/08\/Estacao-Nautica-Negativo.png","width":500,"height":300,"caption":"Esta\u00e7\u00e3o N\u00e1utica de Portim\u00e3o"},"image":{"@id":"https:\/\/nauticalportimao.com\/fr\/#\/schema\/logo\/image\/"}}]}},"_links":{"self":[{"href":"https:\/\/nauticalportimao.com\/fr\/wp-json\/wp\/v2\/pages\/2957","targetHints":{"allow":["GET"]}}],"collection":[{"href":"https:\/\/nauticalportimao.com\/fr\/wp-json\/wp\/v2\/pages"}],"about":[{"href":"https:\/\/nauticalportimao.com\/fr\/wp-json\/wp\/v2\/types\/page"}],"author":[{"embeddable":true,"href":"https:\/\/nauticalportimao.com\/fr\/wp-json\/wp\/v2\/users\/1"}],"replies":[{"embeddable":true,"href":"https:\/\/nauticalportimao.com\/fr\/wp-json\/wp\/v2\/comments?post=2957"}],"version-history":[{"count":0,"href":"https:\/\/nauticalportimao.com\/fr\/wp-json\/wp\/v2\/pages\/2957\/revisions"}],"wp:attachment":[{"href":"https:\/\/nauticalportimao.com\/fr\/wp-json\/wp\/v2\/media?parent=2957"}],"curies":[{"name":"wp","href":"https:\/\/api.w.org\/{rel}","templated":true}]}}