{"id":3319,"date":"2025-06-27T14:12:08","date_gmt":"2025-06-27T14:12:08","guid":{"rendered":"https:\/\/nauticalportimao.com\/politica-de-privacidad\/"},"modified":"2025-10-10T15:54:47","modified_gmt":"2025-10-10T15:54:47","slug":"politica-de-privacidad","status":"publish","type":"page","link":"https:\/\/nauticalportimao.com\/es\/politica-de-privacidad\/","title":{"rendered":"Pol\u00edtica de privacidad"},"content":{"rendered":"\t\t<div data-elementor-type=\"wp-page\" data-elementor-id=\"3319\" class=\"elementor elementor-3319 elementor-1520\">\n\t\t\t\t<div class=\"elementor-element elementor-element-10b8428 e-flex e-con-boxed e-con e-parent\" data-id=\"10b8428\" data-element_type=\"container\" data-e-type=\"container\" data-settings=\"{&quot;background_background&quot;:&quot;classic&quot;}\">\n\t\t\t\t\t<div class=\"e-con-inner\">\n\t\t<div class=\"elementor-element elementor-element-1e4612c e-con-full e-flex e-con e-child\" data-id=\"1e4612c\" data-element_type=\"container\" data-e-type=\"container\">\n\t\t\t\t<div class=\"elementor-element elementor-element-0551241 elementor-widget elementor-widget-heading\" data-id=\"0551241\" data-element_type=\"widget\" data-e-type=\"widget\" data-widget_type=\"heading.default\">\n\t\t\t\t\t\t<div class=\"elementor-widget-container\">\n\t\t\t\t\t<h1 class=\"elementor-heading-title elementor-size-default\">Pol\u00edtica de privacidad<\/h1>\t\t\t\t<\/div>\n\t\t\t\t<\/div>\n\t\t\t\t<\/div>\n\t\t\t\t\t<\/div>\n\t\t\t\t<\/div>\n\t\t<div class=\"elementor-element elementor-element-921adc3 e-flex e-con-boxed e-con e-parent\" data-id=\"921adc3\" data-element_type=\"container\" data-e-type=\"container\" data-settings=\"{&quot;background_background&quot;:&quot;classic&quot;}\">\n\t\t\t\t\t<div class=\"e-con-inner\">\n\t\t\t\t<div class=\"elementor-element elementor-element-c307bed elementor-widget elementor-widget-heading\" data-id=\"c307bed\" data-element_type=\"widget\" data-e-type=\"widget\" data-widget_type=\"heading.default\">\n\t\t\t\t\t\t<div class=\"elementor-widget-container\">\n\t\t\t\t\t<h2 class=\"elementor-heading-title elementor-size-default\">T\u00e9rminos y condiciones<\/h2>\t\t\t\t<\/div>\n\t\t\t\t<\/div>\n\t\t\t\t<div class=\"elementor-element elementor-element-0196651 elementor-widget elementor-widget-text-editor\" data-id=\"0196651\" data-element_type=\"widget\" data-e-type=\"widget\" data-widget_type=\"text-editor.default\">\n\t\t\t\t\t\t<div class=\"elementor-widget-container\">\n\t\t\t\t\t\t\t\t\t<h3><b>T\u00e9rminos legales<\/b><\/h3><p>Debe leer atentamente los t\u00e9rminos y condiciones y se considerar\u00e1 que los ha aceptado si accede o utiliza el sitio web, sin necesidad de ning\u00fan acto o consentimiento posterior.<\/p><p>Los t\u00e9rminos y condiciones podr\u00e1n ser alterados en cualquier momento por <b>el Ayuntamiento de Portim\u00e3o<\/b>, como \u00f3rgano coordinador de la <b>Estaci\u00f3n N\u00e1utica de Portim\u00e3o<\/b>, y se considerar\u00e1 que las alteraciones entran en vigor a partir de la fecha en que est\u00e9n disponibles en el sitio web. El posterior acceso y uso del sitio web por parte del usuario se considerar\u00e1 una se\u00f1al inequ\u00edvoca de que ha le\u00eddo, aceptado y comprendido los t\u00e9rminos y condiciones modificados. <\/p><h3><b>Organizaci\u00f3n responsable<\/b><\/h3><p>El <b>Ayuntamiento de Por<\/b>tim\u00e3o, como \u00f3rgano coordinador de la <b>Estaci\u00f3n N\u00e1utica<\/b> de <b>Portim\u00e3o<\/b>, es responsable del desarrollo y mantenimiento de la p\u00e1gina web de <b>la Estaci\u00f3n N\u00e1utica<\/b> de Portim\u00e3o.<\/p><h3><b>Copyright<\/b><\/h3><p>El contenido y el <i>dise\u00f1o de<\/i> esta p\u00e1gina web son propiedad del <b>Ayuntamiento de Portim\u00e3o<\/b>, como organismo coordinador de la <b>Estaci\u00f3n N\u00e1utica de Portim\u00e3o<\/b>. Se autoriza la reproducci\u00f3n de los contenidos siempre que se cite la fuente, salvo que se indique lo contrario. <\/p><h3><b>Exenci\u00f3n de responsabilidad<\/b><\/h3><p>El <b>Ayuntamiento de Portim\u00e3o<\/b>, como \u00f3rgano coordinador de la <b>Estaci\u00f3n N\u00e1utica de Portim\u00e3o<\/b>, gestiona esta p\u00e1gina web con el objetivo de facilitar a los ciudadanos el acceso a toda la informaci\u00f3n sobre los servicios de los asociados y puntos de inter\u00e9s tur\u00edstico del Municipio de Portim\u00e3o.<\/p><p>No obstante, la informaci\u00f3n facilitada puede no estar actualizada, por lo que no se prescinde de la consulta oficial de la documentaci\u00f3n, ni se garantiza ni declara que los archivos disponibles para <i>su descarga<\/i> en el sitio web est\u00e9n libres de virus.<\/p><p>El sitio web contiene <i>enlaces<\/i> externos sobre los cuales el <b>Ayuntamiento de Portim\u00e3o<\/b>, como \u00f3rgano coordinador de la <b>Estaci\u00f3n N\u00e1utica de Portim\u00e3o<\/b>, no tiene control y por los cuales no asume ninguna responsabilidad.<\/p><h3><b>Acceso y cambios en el sitio web<\/b><\/h3><p>El <b>Ayuntamiento de Portim\u00e3o<\/b>, como organismo coordinador de la <b>Estaci\u00f3n N\u00e1utica de Portim\u00e3o<\/b>, se reserva el derecho de suspender, modificar, a\u00f1adir o eliminar parte del contenido del sitio web, as\u00ed como de establecer \u00e1reas de acceso restringido.<\/p><h3><b>Uso indebido<\/b><\/h3><p>Queda prohibido el uso de los contenidos de la p\u00e1gina web con fines ilegales o cualquier otro fin que pueda considerarse indigno o abusivo. Tambi\u00e9n est\u00e1 prohibida la creaci\u00f3n o introducci\u00f3n en esta p\u00e1gina web de cualquier tipo de virus u otro c\u00f3digo o programa que contenga propiedades destructivas o perjudiciales para su funcionamiento. <\/p><h3><b>Privacidad y seguridad<\/b><\/h3><p>Los sitios web <b>del Ayuntamiento de Portim\u00e3o<\/b> garantizan a sus usuarios la privacidad y seguridad de los datos proporcionados, y s\u00f3lo se solicitan y recogen los datos necesarios. Si as\u00ed lo solicita, el interesado tiene derecho a acceder, rectificar o suprimir los datos facilitados. <\/p><p>Asumimos los siguientes compromisos con los usuarios del sitio:<\/p><ul><li><p>Procesar los datos de forma l\u00edcita y justa, recopilando \u00fanicamente la informaci\u00f3n necesaria y pertinente para el fin al que est\u00e1 destinada;<\/p><\/li><li><p>Permitir al interesado acceder a la informaci\u00f3n registrada sobre \u00e9l y corregirla, transmiti\u00e9ndola en un lenguaje claro y que corresponda estrictamente al contenido del registro;<\/p><\/li><li><p>No utilizar los datos recogidos para un fin incompatible con aquel para el que fueron recogidos;<\/p><\/li><li><p>Mantenga los datos exactos y, si es necesario, actualizados;<\/p><\/li><li><p>Garantizar el consentimiento expreso del interesado siempre que sea necesario;<\/p><\/li><li><p>Garantizar, de forma gratuita, el derecho a suprimir los datos utilizados cuando as\u00ed lo solicite el interesado;<\/p><\/li><li><p>Disponer de sistemas de seguridad que impidan la consulta, modificaci\u00f3n, destrucci\u00f3n o adici\u00f3n de datos por parte de una persona no autorizada para ello, y que permitan detectar desviaciones intencionadas o no de la informaci\u00f3n;<\/p><\/li><li><p>Respetar el secreto profesional en relaci\u00f3n con los datos tratados;<\/p><\/li><li><p>Ninguna interconexi\u00f3n de datos personales, salvo autorizaci\u00f3n legal o del CNPD.<\/p><\/li><\/ul><h3><b>Informaci\u00f3n personal recogida<\/b><\/h3><p>El <b>Ayuntamiento de Portim\u00e3o<\/b>, como \u00f3rgano coordinador de la <b>Estaci\u00f3n N\u00e1utica de Portim\u00e3o<\/b>, se toma muy en serio la privacidad y protecci\u00f3n de los datos registrados por sus usuarios. Al utilizar nuestro sitio web, cuando sea necesario recoger algunos de sus datos personales, el hecho de proporcionarlos se considera como consentimiento para utilizarlos para los fines a los que est\u00e1n destinados. <\/p><h3><b>Seguridad y uso de la informaci\u00f3n<\/b><\/h3><p>Los empleados y colaboradores del <b>Ayuntamiento de Portim\u00e3o<\/b> est\u00e1n obligados a mantener la confidencialidad de los datos a los que tengan acceso en el contexto de las operaciones de la respectiva base inform\u00e1tica, y est\u00e1n debidamente informados de la importancia de cumplir con este deber legal de secreto y son responsables del cumplimiento de esta obligaci\u00f3n de confidencialidad. Nuestro objetivo es garantizar la calidad e integridad de la informaci\u00f3n facilitada por los usuarios de nuestro sitio web, y para ello hemos implementado las medidas necesarias, tanto a nivel tecnol\u00f3gico como organizativo, para mantener la informaci\u00f3n segura, precisa, actualizada y completa. <\/p><h3><b>Contenido<\/b><\/h3><p>El <b>Ayuntamiento de Portim\u00e3o<\/b>, como \u00f3rgano coordinador de la <b>Estaci\u00f3n N\u00e1utica de Portim\u00e3o<\/b>, se reserva el derecho de retirar textos y otros contenidos que directa o indirectamente incluyan:<\/p><ul><li><p>Contenidos racistas, xen\u00f3fobos, difamatorios, acusaciones delictivas y mensajes que llamen a la violencia o que de alg\u00fan modo puedan violar los derechos humanos;<\/p><\/li><li><p>Lenguaje inapropiado u obsceno;<\/p><\/li><li><p>Contenido incomprensible;<\/p><\/li><li><p>Mensajes con fines comerciales o publicitarios;<\/p><\/li><li><p>Contenidos copiados de terceros o que violen de alg\u00fan modo los derechos de propiedad intelectual;<\/p><\/li><li><p>HTML, virus, c\u00f3digo malicioso o direcciones de p\u00e1ginas que amenacen la seguridad de los usuarios;<\/p><\/li><li><p>Comentarios que no est\u00e9n relacionados con el tema en cuesti\u00f3n.<\/p><\/li><\/ul><h3><b>Archivos de registro estad\u00edstico<\/b><\/h3><p>El sitio controla toda la informaci\u00f3n estad\u00edstica relativa al uso de los sitios de forma agregada y anonimizada. Los datos utilizados para este fin no contienen informaci\u00f3n personal identificable o privada. Los an\u00e1lisis realizados sobre la base de la informaci\u00f3n estad\u00edstica agregada se llevar\u00e1n a cabo con el fin de interpretar los patrones de uso de los sitios y mejorar continuamente los niveles de servicio y la satisfacci\u00f3n de los usuarios. La informaci\u00f3n estad\u00edstica agregada resultante de los an\u00e1lisis realizados podr\u00e1 divulgarse a terceros o hacerse p\u00fablica.   <\/p><h3><b>Tecnolog\u00eda<\/b><\/h3><p>El sitio utiliza principalmente tecnolog\u00edas <i>de c\u00f3digo abierto<\/i>. Los lenguajes de programaci\u00f3n utilizados son Php, Javascript, HTML y CSS. Los <i>frameworks<\/i> utilizados son WordPress, Jquery, Flynt, Timber, Twig, Bootstrap y Sass.  <\/p><h3><b>P\u00f3ngase en contacto con<\/b><\/h3><p>Para m\u00e1s informaci\u00f3n, p\u00f3ngase en contacto con: <b>info@visitportimao.com.<\/b><\/p>\t\t\t\t\t\t\t\t<\/div>\n\t\t\t\t<\/div>\n\t\t\t\t\t<\/div>\n\t\t\t\t<\/div>\n\t\t\t\t<\/div>\n\t\t","protected":false},"excerpt":{"rendered":"<p>Pol\u00edtica de privacidad T\u00e9rminos y condiciones T\u00e9rminos legales Debe leer atentamente los t\u00e9rminos y condiciones y se considerar\u00e1 que los ha aceptado si accede o utiliza el sitio web, sin necesidad de ning\u00fan acto o consentimiento posterior. Los t\u00e9rminos y condiciones podr\u00e1n ser alterados en cualquier momento por el Ayuntamiento de Portim\u00e3o, como \u00f3rgano coordinador [&hellip;]<\/p>\n","protected":false},"author":1,"featured_media":0,"parent":0,"menu_order":0,"comment_status":"closed","ping_status":"closed","template":"","meta":{"_acf_changed":false,"site-sidebar-layout":"no-sidebar","site-content-layout":"page-builder","ast-site-content-layout":"full-width-container","site-content-style":"default","site-sidebar-style":"default","ast-global-header-display":"","ast-banner-title-visibility":"","ast-main-header-display":"","ast-hfb-above-header-display":"","ast-hfb-below-header-display":"","ast-hfb-mobile-header-display":"","site-post-title":"disabled","ast-breadcrumbs-content":"","ast-featured-img":"disabled","footer-sml-layout":"","ast-disable-related-posts":"","theme-transparent-header-meta":"","adv-header-id-meta":"","stick-header-meta":"","header-above-stick-meta":"","header-main-stick-meta":"","header-below-stick-meta":"","astra-migrate-meta-layouts":"default","ast-page-background-enabled":"default","ast-page-background-meta":{"desktop":{"background-color":"","background-image":"","background-repeat":"repeat","background-position":"center center","background-size":"auto","background-attachment":"scroll","background-type":"","background-media":"","overlay-type":"","overlay-color":"","overlay-opacity":"","overlay-gradient":""},"tablet":{"background-color":"","background-image":"","background-repeat":"repeat","background-position":"center center","background-size":"auto","background-attachment":"scroll","background-type":"","background-media":"","overlay-type":"","overlay-color":"","overlay-opacity":"","overlay-gradient":""},"mobile":{"background-color":"","background-image":"","background-repeat":"repeat","background-position":"center center","background-size":"auto","background-attachment":"scroll","background-type":"","background-media":"","overlay-type":"","overlay-color":"","overlay-opacity":"","overlay-gradient":""}},"ast-content-background-meta":{"desktop":{"background-color":"var(--ast-global-color-5)","background-image":"","background-repeat":"repeat","background-position":"center center","background-size":"auto","background-attachment":"scroll","background-type":"","background-media":"","overlay-type":"","overlay-color":"","overlay-opacity":"","overlay-gradient":""},"tablet":{"background-color":"var(--ast-global-color-5)","background-image":"","background-repeat":"repeat","background-position":"center center","background-size":"auto","background-attachment":"scroll","background-type":"","background-media":"","overlay-type":"","overlay-color":"","overlay-opacity":"","overlay-gradient":""},"mobile":{"background-color":"var(--ast-global-color-5)","background-image":"","background-repeat":"repeat","background-position":"center center","background-size":"auto","background-attachment":"scroll","background-type":"","background-media":"","overlay-type":"","overlay-color":"","overlay-opacity":"","overlay-gradient":""}},"footnotes":""},"class_list":["post-3319","page","type-page","status-publish","hentry"],"acf":[],"yoast_head":"<!-- This site is optimized with the Yoast SEO plugin v27.4 - https:\/\/yoast.com\/product\/yoast-seo-wordpress\/ -->\n<title>Pol\u00edtica de privacidad - Esta\u00e7\u00e3o N\u00e1utica de Portim\u00e3o<\/title>\n<meta name=\"robots\" content=\"index, follow, max-snippet:-1, max-image-preview:large, max-video-preview:-1\" \/>\n<link rel=\"canonical\" href=\"https:\/\/nauticalportimao.com\/es\/politica-de-privacidad\/\" \/>\n<meta property=\"og:locale\" content=\"es_ES\" \/>\n<meta property=\"og:type\" content=\"article\" \/>\n<meta property=\"og:title\" content=\"Pol\u00edtica de privacidad - Esta\u00e7\u00e3o N\u00e1utica de Portim\u00e3o\" \/>\n<meta property=\"og:description\" content=\"Pol\u00edtica de privacidad T\u00e9rminos y condiciones T\u00e9rminos legales Debe leer atentamente los t\u00e9rminos y condiciones y se considerar\u00e1 que los ha aceptado si accede o utiliza el sitio web, sin necesidad de ning\u00fan acto o consentimiento posterior. Los t\u00e9rminos y condiciones podr\u00e1n ser alterados en cualquier momento por el Ayuntamiento de Portim\u00e3o, como \u00f3rgano coordinador [&hellip;]\" \/>\n<meta property=\"og:url\" content=\"https:\/\/nauticalportimao.com\/es\/politica-de-privacidad\/\" \/>\n<meta property=\"og:site_name\" content=\"Esta\u00e7\u00e3o N\u00e1utica de Portim\u00e3o\" \/>\n<meta property=\"article:modified_time\" content=\"2025-10-10T15:54:47+00:00\" \/>\n<meta name=\"twitter:card\" content=\"summary_large_image\" \/>\n<meta name=\"twitter:label1\" content=\"Tiempo de lectura\" \/>\n\t<meta name=\"twitter:data1\" content=\"6 minutos\" \/>\n<script type=\"application\/ld+json\" class=\"yoast-schema-graph\">{\"@context\":\"https:\\\/\\\/schema.org\",\"@graph\":[{\"@type\":\"WebPage\",\"@id\":\"https:\\\/\\\/nauticalportimao.com\\\/es\\\/politica-de-privacidad\\\/\",\"url\":\"https:\\\/\\\/nauticalportimao.com\\\/es\\\/politica-de-privacidad\\\/\",\"name\":\"Pol\u00edtica de privacidad - Esta\u00e7\u00e3o N\u00e1utica de Portim\u00e3o\",\"isPartOf\":{\"@id\":\"https:\\\/\\\/nauticalportimao.com\\\/es\\\/#website\"},\"datePublished\":\"2025-06-27T14:12:08+00:00\",\"dateModified\":\"2025-10-10T15:54:47+00:00\",\"breadcrumb\":{\"@id\":\"https:\\\/\\\/nauticalportimao.com\\\/es\\\/politica-de-privacidad\\\/#breadcrumb\"},\"inLanguage\":\"es\",\"potentialAction\":[{\"@type\":\"ReadAction\",\"target\":[\"https:\\\/\\\/nauticalportimao.com\\\/es\\\/politica-de-privacidad\\\/\"]}]},{\"@type\":\"BreadcrumbList\",\"@id\":\"https:\\\/\\\/nauticalportimao.com\\\/es\\\/politica-de-privacidad\\\/#breadcrumb\",\"itemListElement\":[{\"@type\":\"ListItem\",\"position\":1,\"name\":\"In\u00edcio\",\"item\":\"https:\\\/\\\/nauticalportimao.com\\\/es\\\/\"},{\"@type\":\"ListItem\",\"position\":2,\"name\":\"Pol\u00edtica de privacidad\"}]},{\"@type\":\"WebSite\",\"@id\":\"https:\\\/\\\/nauticalportimao.com\\\/es\\\/#website\",\"url\":\"https:\\\/\\\/nauticalportimao.com\\\/es\\\/\",\"name\":\"Esta\u00e7\u00e3o N\u00e1utica de Portim\u00e3o\",\"description\":\"\",\"publisher\":{\"@id\":\"https:\\\/\\\/nauticalportimao.com\\\/es\\\/#organization\"},\"potentialAction\":[{\"@type\":\"SearchAction\",\"target\":{\"@type\":\"EntryPoint\",\"urlTemplate\":\"https:\\\/\\\/nauticalportimao.com\\\/es\\\/?s={search_term_string}\"},\"query-input\":{\"@type\":\"PropertyValueSpecification\",\"valueRequired\":true,\"valueName\":\"search_term_string\"}}],\"inLanguage\":\"es\"},{\"@type\":\"Organization\",\"@id\":\"https:\\\/\\\/nauticalportimao.com\\\/es\\\/#organization\",\"name\":\"Esta\u00e7\u00e3o N\u00e1utica de Portim\u00e3o\",\"url\":\"https:\\\/\\\/nauticalportimao.com\\\/es\\\/\",\"logo\":{\"@type\":\"ImageObject\",\"inLanguage\":\"es\",\"@id\":\"https:\\\/\\\/nauticalportimao.com\\\/es\\\/#\\\/schema\\\/logo\\\/image\\\/\",\"url\":\"https:\\\/\\\/nauticalportimao.com\\\/wp-content\\\/uploads\\\/2025\\\/08\\\/Estacao-Nautica-Negativo.png\",\"contentUrl\":\"https:\\\/\\\/nauticalportimao.com\\\/wp-content\\\/uploads\\\/2025\\\/08\\\/Estacao-Nautica-Negativo.png\",\"width\":500,\"height\":300,\"caption\":\"Esta\u00e7\u00e3o N\u00e1utica de Portim\u00e3o\"},\"image\":{\"@id\":\"https:\\\/\\\/nauticalportimao.com\\\/es\\\/#\\\/schema\\\/logo\\\/image\\\/\"}}]}<\/script>\n<!-- \/ Yoast SEO plugin. -->","yoast_head_json":{"title":"Pol\u00edtica de privacidad - Esta\u00e7\u00e3o N\u00e1utica de Portim\u00e3o","robots":{"index":"index","follow":"follow","max-snippet":"max-snippet:-1","max-image-preview":"max-image-preview:large","max-video-preview":"max-video-preview:-1"},"canonical":"https:\/\/nauticalportimao.com\/es\/politica-de-privacidad\/","og_locale":"es_ES","og_type":"article","og_title":"Pol\u00edtica de privacidad - Esta\u00e7\u00e3o N\u00e1utica de Portim\u00e3o","og_description":"Pol\u00edtica de privacidad T\u00e9rminos y condiciones T\u00e9rminos legales Debe leer atentamente los t\u00e9rminos y condiciones y se considerar\u00e1 que los ha aceptado si accede o utiliza el sitio web, sin necesidad de ning\u00fan acto o consentimiento posterior. Los t\u00e9rminos y condiciones podr\u00e1n ser alterados en cualquier momento por el Ayuntamiento de Portim\u00e3o, como \u00f3rgano coordinador [&hellip;]","og_url":"https:\/\/nauticalportimao.com\/es\/politica-de-privacidad\/","og_site_name":"Esta\u00e7\u00e3o N\u00e1utica de Portim\u00e3o","article_modified_time":"2025-10-10T15:54:47+00:00","twitter_card":"summary_large_image","twitter_misc":{"Tiempo de lectura":"6 minutos"},"schema":{"@context":"https:\/\/schema.org","@graph":[{"@type":"WebPage","@id":"https:\/\/nauticalportimao.com\/es\/politica-de-privacidad\/","url":"https:\/\/nauticalportimao.com\/es\/politica-de-privacidad\/","name":"Pol\u00edtica de privacidad - Esta\u00e7\u00e3o N\u00e1utica de Portim\u00e3o","isPartOf":{"@id":"https:\/\/nauticalportimao.com\/es\/#website"},"datePublished":"2025-06-27T14:12:08+00:00","dateModified":"2025-10-10T15:54:47+00:00","breadcrumb":{"@id":"https:\/\/nauticalportimao.com\/es\/politica-de-privacidad\/#breadcrumb"},"inLanguage":"es","potentialAction":[{"@type":"ReadAction","target":["https:\/\/nauticalportimao.com\/es\/politica-de-privacidad\/"]}]},{"@type":"BreadcrumbList","@id":"https:\/\/nauticalportimao.com\/es\/politica-de-privacidad\/#breadcrumb","itemListElement":[{"@type":"ListItem","position":1,"name":"In\u00edcio","item":"https:\/\/nauticalportimao.com\/es\/"},{"@type":"ListItem","position":2,"name":"Pol\u00edtica de privacidad"}]},{"@type":"WebSite","@id":"https:\/\/nauticalportimao.com\/es\/#website","url":"https:\/\/nauticalportimao.com\/es\/","name":"Esta\u00e7\u00e3o N\u00e1utica de Portim\u00e3o","description":"","publisher":{"@id":"https:\/\/nauticalportimao.com\/es\/#organization"},"potentialAction":[{"@type":"SearchAction","target":{"@type":"EntryPoint","urlTemplate":"https:\/\/nauticalportimao.com\/es\/?s={search_term_string}"},"query-input":{"@type":"PropertyValueSpecification","valueRequired":true,"valueName":"search_term_string"}}],"inLanguage":"es"},{"@type":"Organization","@id":"https:\/\/nauticalportimao.com\/es\/#organization","name":"Esta\u00e7\u00e3o N\u00e1utica de Portim\u00e3o","url":"https:\/\/nauticalportimao.com\/es\/","logo":{"@type":"ImageObject","inLanguage":"es","@id":"https:\/\/nauticalportimao.com\/es\/#\/schema\/logo\/image\/","url":"https:\/\/nauticalportimao.com\/wp-content\/uploads\/2025\/08\/Estacao-Nautica-Negativo.png","contentUrl":"https:\/\/nauticalportimao.com\/wp-content\/uploads\/2025\/08\/Estacao-Nautica-Negativo.png","width":500,"height":300,"caption":"Esta\u00e7\u00e3o N\u00e1utica de Portim\u00e3o"},"image":{"@id":"https:\/\/nauticalportimao.com\/es\/#\/schema\/logo\/image\/"}}]}},"_links":{"self":[{"href":"https:\/\/nauticalportimao.com\/es\/wp-json\/wp\/v2\/pages\/3319","targetHints":{"allow":["GET"]}}],"collection":[{"href":"https:\/\/nauticalportimao.com\/es\/wp-json\/wp\/v2\/pages"}],"about":[{"href":"https:\/\/nauticalportimao.com\/es\/wp-json\/wp\/v2\/types\/page"}],"author":[{"embeddable":true,"href":"https:\/\/nauticalportimao.com\/es\/wp-json\/wp\/v2\/users\/1"}],"replies":[{"embeddable":true,"href":"https:\/\/nauticalportimao.com\/es\/wp-json\/wp\/v2\/comments?post=3319"}],"version-history":[{"count":0,"href":"https:\/\/nauticalportimao.com\/es\/wp-json\/wp\/v2\/pages\/3319\/revisions"}],"wp:attachment":[{"href":"https:\/\/nauticalportimao.com\/es\/wp-json\/wp\/v2\/media?parent=3319"}],"curies":[{"name":"wp","href":"https:\/\/api.w.org\/{rel}","templated":true}]}}