{"id":3637,"date":"2025-06-27T14:12:08","date_gmt":"2025-06-27T14:12:08","guid":{"rendered":"https:\/\/nauticalportimao.com\/datenschutzrichtlinie\/"},"modified":"2025-10-16T11:18:53","modified_gmt":"2025-10-16T11:18:53","slug":"datenschutzrichtlinie","status":"publish","type":"page","link":"https:\/\/nauticalportimao.com\/de\/datenschutzrichtlinie\/","title":{"rendered":"Datenschutzrichtlinie"},"content":{"rendered":"\t\t<div data-elementor-type=\"wp-page\" data-elementor-id=\"3637\" class=\"elementor elementor-3637 elementor-1520\">\n\t\t\t\t<div class=\"elementor-element elementor-element-10b8428 e-flex e-con-boxed e-con e-parent\" data-id=\"10b8428\" data-element_type=\"container\" data-e-type=\"container\" data-settings=\"{&quot;background_background&quot;:&quot;classic&quot;}\">\n\t\t\t\t\t<div class=\"e-con-inner\">\n\t\t<div class=\"elementor-element elementor-element-1e4612c e-con-full e-flex e-con e-child\" data-id=\"1e4612c\" data-element_type=\"container\" data-e-type=\"container\">\n\t\t\t\t<div class=\"elementor-element elementor-element-0551241 elementor-widget elementor-widget-heading\" data-id=\"0551241\" data-element_type=\"widget\" data-e-type=\"widget\" data-widget_type=\"heading.default\">\n\t\t\t\t\t\t<div class=\"elementor-widget-container\">\n\t\t\t\t\t<h1 class=\"elementor-heading-title elementor-size-default\">Datenschutzbestimmungen<\/h1>\t\t\t\t<\/div>\n\t\t\t\t<\/div>\n\t\t\t\t<\/div>\n\t\t\t\t\t<\/div>\n\t\t\t\t<\/div>\n\t\t<div class=\"elementor-element elementor-element-921adc3 e-flex e-con-boxed e-con e-parent\" data-id=\"921adc3\" data-element_type=\"container\" data-e-type=\"container\" data-settings=\"{&quot;background_background&quot;:&quot;classic&quot;}\">\n\t\t\t\t\t<div class=\"e-con-inner\">\n\t\t\t\t<div class=\"elementor-element elementor-element-c307bed elementor-widget elementor-widget-heading\" data-id=\"c307bed\" data-element_type=\"widget\" data-e-type=\"widget\" data-widget_type=\"heading.default\">\n\t\t\t\t\t\t<div class=\"elementor-widget-container\">\n\t\t\t\t\t<h2 class=\"elementor-heading-title elementor-size-default\">Allgemeine Gesch\u00e4ftsbedingungen (AGB)<\/h2>\t\t\t\t<\/div>\n\t\t\t\t<\/div>\n\t\t\t\t<div class=\"elementor-element elementor-element-0196651 elementor-widget elementor-widget-text-editor\" data-id=\"0196651\" data-element_type=\"widget\" data-e-type=\"widget\" data-widget_type=\"text-editor.default\">\n\t\t\t\t\t\t<div class=\"elementor-widget-container\">\n\t\t\t\t\t\t\t\t\t<h3><b>Rechtliche Hinweise<\/b><\/h3><p>Bitte lesen Sie die Allgemeinen Gesch\u00e4ftsbedingungen sorgf\u00e4ltig durch. Durch den Zugriff auf die Website oder deren Nutzung akzeptieren Sie diese ohne weitere Handlung oder nachtr\u00e4gliche Zustimmung.<\/p><p>Die Allgemeinen Gesch\u00e4ftsbedingungen k\u00f6nnen jederzeit von der <b>Stadtverwaltung Portim\u00e3o <\/b>als koordinierender Stelle der <b>Nautischen Station Portim\u00e3o<\/b> ge\u00e4ndert werden. Es wird davon ausgegangen, dass die \u00c4nderungen ab dem Datum ihrer Ver\u00f6ffentlichung auf der Website in Kraft treten. Der nachfolgende Zugriff und die Nutzung der Website durch den Benutzer gelten als eindeutiges Zeichen daf\u00fcr, dass er die ge\u00e4nderten Allgemeinen Gesch\u00e4ftsbedingungen gelesen, akzeptiert und verstanden hat. <\/p><h3><b>Verantwortliche Stelle<\/b><\/h3><p>Die <b>Stadtverwaltung Portim\u00e3o<\/b> ist als koordinierende <b>Stelle der Nautischen Station Portim\u00e3o<\/b> f\u00fcr die Entwicklung und Wartung der Website der <b>Nautischen Station Portim\u00e3o<\/b> verantwortlich.<\/p><h3><b>Urheberrecht<\/b><\/h3><p>Die Inhalte und das Design dieser Website sind Eigentum der <b>Stadtverwaltung Portim\u00e3o<\/b> als koordinierender Stelle der <b>Nautischen Station Portim\u00e3o<\/b>. Die Vervielf\u00e4ltigung von Inhalten ist unter Angabe der Quelle gestattet, sofern nichts anderes angegeben ist. <\/p><h3><b>Haftungsausschluss<\/b><\/h3><p>Die<b> Stadtverwaltung Portim\u00e3o,<\/b> als koordinierende Stelle der <b>Nautischen Station Portim\u00e3o<\/b>, verwaltet diese Website mit dem Ziel, den B\u00fcrgern den Zugang zu allen Informationen \u00fcber die Dienstleistungen der Partner und von touristischem Interesse in der Gemeinde Portim\u00e3o zu erm\u00f6glichen.<br>11. Par\u00e1grafo (Exonera\u00e7\u00e3o):<\/p><p>Die bereitgestellten Informationen sind jedoch m\u00f6glicherweise nicht immer aktuell, weshalb die offizielle Einsichtnahme in die Unterlagen nicht ersetzt wird. Ebenso wird nicht garantiert oder erkl\u00e4rt, dass die zum <i>Download<\/i> verf\u00fcgbaren Dateien frei von Viren sind.<\/p><p>Die Website enth\u00e4lt externe <i>Links<\/i>, \u00fcber die die <b>Stadtverwaltung Portim\u00e3o<\/b> als koordinierende <b>Stelle der Nautischen Station Portim\u00e3o<\/b> keinerlei Kontrolle hat und f\u00fcr die sie keine Verantwortung \u00fcbernimmt.<\/p><h3><b>Zugang und \u00c4nderungen an der Website<\/b><\/h3><p>Die <b>Stadtverwaltung Portim\u00e3o<\/b>, als koordinierende <b>Stelle der Nautischen Station Portim\u00e3o<\/b>, beh\u00e4lt sich das Recht vor, Teile des Inhalts der Website auszusetzen, zu \u00e4ndern, hinzuzuf\u00fcgen oder zu entfernen, sowie zugangsbeschr\u00e4nkte Bereiche einzurichten.<\/p><h3><b>Missbr\u00e4uchliche Nutzung<\/b><\/h3><p>Die Nutzung von Inhalten der Website f\u00fcr illegale oder andere Zwecke, die als beleidigend oder missbr\u00e4uchlich angesehen werden k\u00f6nnten, ist verboten. Es ist ebenfalls verboten, auf dieser Website Viren oder anderen Code zu erstellen oder einzuf\u00fchren, der zerst\u00f6rerische Eigenschaften hat oder deren Funktion beeintr\u00e4chtigt. <\/p><h3><b>Datenschutz und Sicherheit<\/b><\/h3><p>Die Websites der Gemeinde Portim\u00e3o gew\u00e4hrleisten ihren Nutzern Datenschutz und Sicherheit der zur Verf\u00fcgung gestellten Daten, wobei nur die notwendigen Daten angefordert und erfasst werden. Auf Anfrage hat der Inhaber der Daten das Recht auf Zugang, Berichtigung oder L\u00f6schung der zur Verf\u00fcgung gestellten Daten. <\/p><p>Wir \u00fcbernehmen gegen\u00fcber den Nutzern der Website die folgenden Verpflichtungen:<\/p><ul><li><p>Die Daten rechtm\u00e4\u00dfig und fair zu verarbeiten und nur die Informationen zu erheben, die f\u00fcr den beabsichtigten Zweck notwendig und relevant sind;<\/p><\/li><li><p>Dem Betroffenen den Zugang zu und die Berichtigung von Informationen, die \u00fcber ihn registriert sind, zu erm\u00f6glichen und diese in klarer Sprache und in genauer \u00dcbereinstimmung mit dem Inhalt des Registers zu \u00fcbermitteln;<\/p><\/li><li><p>Die erhobenen Daten nicht f\u00fcr einen mit der Erhebung unvereinbaren Zweck zu verwenden;<\/p><\/li><li><p>Die Daten korrekt und, falls erforderlich, aktuell zu halten;<\/p><\/li><li><p>Die ausdr\u00fcckliche Einwilligung des Betroffenen einzuholen, wann immer dies erforderlich ist;<\/p><\/li><li><p>Das Recht auf kostenlose L\u00f6schung der verwendeten Daten auf Antrag des Betroffenen zu gew\u00e4hrleisten;<\/p><\/li><li><p>\u00dcber Sicherheitssysteme zu verf\u00fcgen, die den Zugriff, die \u00c4nderung, Zerst\u00f6rung oder Hinzuf\u00fcgung von Daten durch unbefugte Personen verhindern und die es erm\u00f6glichen, absichtliche oder unabsichtliche Informationslecks aufzudecken;<\/p><\/li><li><p>Das Berufsgeheimnis in Bezug auf die verarbeiteten Daten zu wahren;<\/p><\/li><li><p>Keine Verkn\u00fcpfung personenbezogener Daten durchzuf\u00fchren, es sei denn, es liegt eine gesetzliche Genehmigung oder eine Genehmigung der CNPD vor.<\/p><\/li><\/ul><h3><b>Erhobene personenbezogene Daten<\/b><\/h3><p>Die <b>Stadtverwaltung Portim\u00e3o<\/b>, als koordinierende <b>Stelle der Nautischen Station Portim\u00e3o<\/b>, nimmt den Schutz und die Sicherheit der von ihren Nutzern registrierten Daten sehr ernst. Bei der Nutzung unserer Website, bei der die Erhebung einiger Ihrer personenbezogenen Daten erforderlich sein kann, wird deren Bereitstellung als Zustimmung zur Nutzung f\u00fcr die Zwecke betrachtet, f\u00fcr die sie bestimmt sind. <\/p><h3><b>Sicherheit und Nutzung der Informationen<\/b><\/h3><p>Die Mitarbeiter und Partner der <b>Stadtverwaltung Portim\u00e3o<\/b> sind zur Vertraulichkeit bez\u00fcglich aller Daten verpflichtet, zu denen sie im Rahmen ihrer jeweiligen informationstechnischen T\u00e4tigkeiten Zugang haben. Sie sind ordnungsgem\u00e4\u00df \u00fcber die Wichtigkeit der Einhaltung dieser gesetzlichen Pflicht zur Geheimhaltung informiert und f\u00fcr die Einhaltung dieser Vertraulichkeitsverpflichtung verantwortlich. Unser Ziel ist es, die Qualit\u00e4t und Integrit\u00e4t der von den Nutzern unserer Website bereitgestellten Informationen zu gew\u00e4hrleisten. Daf\u00fcr haben wir die notwendigen Ma\u00dfnahmen sowohl auf technologischer als auch auf organisatorischer Ebene umgesetzt, um die Informationen sicher, genau, aktuell und vollst\u00e4ndig zu halten. <\/p><h3><b>Inhalte<\/b><\/h3><p><b>Der Stadtrat von Portim\u00e3o<\/b>, als koordinierende Stelle der <b>Esta\u00e7\u00e3o N\u00e1utica de Portim\u00e3o<\/b>, beh\u00e4lt sich das Recht vor, Texte und andere Inhalte zu entfernen, die direkt oder indirekt enthalten:<\/p><ul><li><p>Rassistische, fremdenfeindliche, verleumderische Inhalte, kriminelle Anschuldigungen und Nachrichten, die zu Gewalt aufrufen oder in irgendeiner Weise die Menschenrechte verletzen k\u00f6nnten;<\/p><\/li><li><p>Unangemessene oder obsz\u00f6ne Sprache;<\/p><\/li><li><p>Unverst\u00e4ndlicher Inhalt;<\/p><\/li><li><p>Nachrichten zu kommerziellen oder Werbezwecken;<\/p><\/li><li><p>Inhalte, die von Dritten kopiert wurden oder die in irgendeiner Weise geistige Eigentumsrechte verletzen;<\/p><\/li><li><p>HTML, Viren, b\u00f6sartiger Code oder Seitenadressen, die die Sicherheit der Benutzer gef\u00e4hrden;<\/p><\/li><li><p>Kommentare, die sich nicht auf das betreffende Thema beziehen.<\/p><\/li><\/ul><h3><b>Statistische Protokolldateien<\/b><\/h3><p>Die Website \u00fcberwacht alle statistischen Informationen \u00fcber die Nutzung der Websites in aggregierter und anonymisierter Form. Die zu diesem Zweck verwendeten Daten enthalten keine pers\u00f6nlich identifizierbaren oder privaten Informationen. Die auf der Grundlage der aggregierten statistischen Informationen durchgef\u00fchrten Analysen werden durchgef\u00fchrt, um die Nutzungsmuster der Websites zu interpretieren und das Serviceniveau und die Zufriedenheit der Benutzer kontinuierlich zu verbessern. Die aggregierten statistischen Daten, die sich aus den durchgef\u00fchrten Analysen ergeben, k\u00f6nnen an Dritte oder an die \u00d6ffentlichkeit weitergegeben werden.   <\/p><h3><b>Technologie<\/b><\/h3><p>Die Website verwendet haupts\u00e4chlich <i>Open-Source-Technologien<\/i>. Die verwendeten Programmiersprachen sind Php, Javascript, HTML und CSS. Die verwendeten <i>Frameworks<\/i> sind WordPress, Jquery, Flynt, Timber, Twig, Bootstrap und Sass.  <\/p><h3><b>Kontakt<\/b><\/h3><p>F\u00fcr weitere Informationen wenden Sie sich bitte an: <b>info@visitportimao.com.<\/b><\/p>\t\t\t\t\t\t\t\t<\/div>\n\t\t\t\t<\/div>\n\t\t\t\t\t<\/div>\n\t\t\t\t<\/div>\n\t\t\t\t<\/div>\n\t\t","protected":false},"excerpt":{"rendered":"<p>Datenschutzbestimmungen Allgemeine Gesch\u00e4ftsbedingungen (AGB) Rechtliche Hinweise Bitte lesen Sie die Allgemeinen Gesch\u00e4ftsbedingungen sorgf\u00e4ltig durch. Durch den Zugriff auf die Website oder deren Nutzung akzeptieren Sie diese ohne weitere Handlung oder nachtr\u00e4gliche Zustimmung. Die Allgemeinen Gesch\u00e4ftsbedingungen k\u00f6nnen jederzeit von der Stadtverwaltung Portim\u00e3o als koordinierender Stelle der Nautischen Station Portim\u00e3o ge\u00e4ndert werden. Es wird davon ausgegangen, dass [&hellip;]<\/p>\n","protected":false},"author":1,"featured_media":0,"parent":0,"menu_order":0,"comment_status":"closed","ping_status":"closed","template":"","meta":{"_acf_changed":false,"site-sidebar-layout":"no-sidebar","site-content-layout":"page-builder","ast-site-content-layout":"full-width-container","site-content-style":"default","site-sidebar-style":"default","ast-global-header-display":"","ast-banner-title-visibility":"","ast-main-header-display":"","ast-hfb-above-header-display":"","ast-hfb-below-header-display":"","ast-hfb-mobile-header-display":"","site-post-title":"disabled","ast-breadcrumbs-content":"","ast-featured-img":"disabled","footer-sml-layout":"","ast-disable-related-posts":"","theme-transparent-header-meta":"","adv-header-id-meta":"","stick-header-meta":"","header-above-stick-meta":"","header-main-stick-meta":"","header-below-stick-meta":"","astra-migrate-meta-layouts":"default","ast-page-background-enabled":"default","ast-page-background-meta":{"desktop":{"background-color":"","background-image":"","background-repeat":"repeat","background-position":"center center","background-size":"auto","background-attachment":"scroll","background-type":"","background-media":"","overlay-type":"","overlay-color":"","overlay-opacity":"","overlay-gradient":""},"tablet":{"background-color":"","background-image":"","background-repeat":"repeat","background-position":"center center","background-size":"auto","background-attachment":"scroll","background-type":"","background-media":"","overlay-type":"","overlay-color":"","overlay-opacity":"","overlay-gradient":""},"mobile":{"background-color":"","background-image":"","background-repeat":"repeat","background-position":"center center","background-size":"auto","background-attachment":"scroll","background-type":"","background-media":"","overlay-type":"","overlay-color":"","overlay-opacity":"","overlay-gradient":""}},"ast-content-background-meta":{"desktop":{"background-color":"var(--ast-global-color-5)","background-image":"","background-repeat":"repeat","background-position":"center center","background-size":"auto","background-attachment":"scroll","background-type":"","background-media":"","overlay-type":"","overlay-color":"","overlay-opacity":"","overlay-gradient":""},"tablet":{"background-color":"var(--ast-global-color-5)","background-image":"","background-repeat":"repeat","background-position":"center center","background-size":"auto","background-attachment":"scroll","background-type":"","background-media":"","overlay-type":"","overlay-color":"","overlay-opacity":"","overlay-gradient":""},"mobile":{"background-color":"var(--ast-global-color-5)","background-image":"","background-repeat":"repeat","background-position":"center center","background-size":"auto","background-attachment":"scroll","background-type":"","background-media":"","overlay-type":"","overlay-color":"","overlay-opacity":"","overlay-gradient":""}},"footnotes":""},"class_list":["post-3637","page","type-page","status-publish","hentry"],"acf":[],"yoast_head":"<!-- This site is optimized with the Yoast SEO plugin v27.4 - https:\/\/yoast.com\/product\/yoast-seo-wordpress\/ -->\n<title>Datenschutzrichtlinie - Esta\u00e7\u00e3o N\u00e1utica de Portim\u00e3o<\/title>\n<meta name=\"robots\" content=\"index, follow, max-snippet:-1, max-image-preview:large, max-video-preview:-1\" \/>\n<link rel=\"canonical\" href=\"https:\/\/nauticalportimao.com\/de\/datenschutzrichtlinie\/\" \/>\n<meta property=\"og:locale\" content=\"de_DE\" \/>\n<meta property=\"og:type\" content=\"article\" \/>\n<meta property=\"og:title\" content=\"Datenschutzrichtlinie - Esta\u00e7\u00e3o N\u00e1utica de Portim\u00e3o\" \/>\n<meta property=\"og:description\" content=\"Datenschutzbestimmungen Allgemeine Gesch\u00e4ftsbedingungen (AGB) Rechtliche Hinweise Bitte lesen Sie die Allgemeinen Gesch\u00e4ftsbedingungen sorgf\u00e4ltig durch. Durch den Zugriff auf die Website oder deren Nutzung akzeptieren Sie diese ohne weitere Handlung oder nachtr\u00e4gliche Zustimmung. Die Allgemeinen Gesch\u00e4ftsbedingungen k\u00f6nnen jederzeit von der Stadtverwaltung Portim\u00e3o als koordinierender Stelle der Nautischen Station Portim\u00e3o ge\u00e4ndert werden. Es wird davon ausgegangen, dass [&hellip;]\" \/>\n<meta property=\"og:url\" content=\"https:\/\/nauticalportimao.com\/de\/datenschutzrichtlinie\/\" \/>\n<meta property=\"og:site_name\" content=\"Esta\u00e7\u00e3o N\u00e1utica de Portim\u00e3o\" \/>\n<meta property=\"article:modified_time\" content=\"2025-10-16T11:18:53+00:00\" \/>\n<meta name=\"twitter:card\" content=\"summary_large_image\" \/>\n<meta name=\"twitter:label1\" content=\"Gesch\u00e4tzte Lesezeit\" \/>\n\t<meta name=\"twitter:data1\" content=\"5\u00a0Minuten\" \/>\n<script type=\"application\/ld+json\" class=\"yoast-schema-graph\">{\"@context\":\"https:\\\/\\\/schema.org\",\"@graph\":[{\"@type\":\"WebPage\",\"@id\":\"https:\\\/\\\/nauticalportimao.com\\\/de\\\/datenschutzrichtlinie\\\/\",\"url\":\"https:\\\/\\\/nauticalportimao.com\\\/de\\\/datenschutzrichtlinie\\\/\",\"name\":\"Datenschutzrichtlinie - Esta\u00e7\u00e3o N\u00e1utica de Portim\u00e3o\",\"isPartOf\":{\"@id\":\"https:\\\/\\\/nauticalportimao.com\\\/de\\\/#website\"},\"datePublished\":\"2025-06-27T14:12:08+00:00\",\"dateModified\":\"2025-10-16T11:18:53+00:00\",\"breadcrumb\":{\"@id\":\"https:\\\/\\\/nauticalportimao.com\\\/de\\\/datenschutzrichtlinie\\\/#breadcrumb\"},\"inLanguage\":\"de\",\"potentialAction\":[{\"@type\":\"ReadAction\",\"target\":[\"https:\\\/\\\/nauticalportimao.com\\\/de\\\/datenschutzrichtlinie\\\/\"]}]},{\"@type\":\"BreadcrumbList\",\"@id\":\"https:\\\/\\\/nauticalportimao.com\\\/de\\\/datenschutzrichtlinie\\\/#breadcrumb\",\"itemListElement\":[{\"@type\":\"ListItem\",\"position\":1,\"name\":\"In\u00edcio\",\"item\":\"https:\\\/\\\/nauticalportimao.com\\\/de\\\/\"},{\"@type\":\"ListItem\",\"position\":2,\"name\":\"Datenschutzrichtlinie\"}]},{\"@type\":\"WebSite\",\"@id\":\"https:\\\/\\\/nauticalportimao.com\\\/de\\\/#website\",\"url\":\"https:\\\/\\\/nauticalportimao.com\\\/de\\\/\",\"name\":\"Esta\u00e7\u00e3o N\u00e1utica de Portim\u00e3o\",\"description\":\"\",\"publisher\":{\"@id\":\"https:\\\/\\\/nauticalportimao.com\\\/de\\\/#organization\"},\"potentialAction\":[{\"@type\":\"SearchAction\",\"target\":{\"@type\":\"EntryPoint\",\"urlTemplate\":\"https:\\\/\\\/nauticalportimao.com\\\/de\\\/?s={search_term_string}\"},\"query-input\":{\"@type\":\"PropertyValueSpecification\",\"valueRequired\":true,\"valueName\":\"search_term_string\"}}],\"inLanguage\":\"de\"},{\"@type\":\"Organization\",\"@id\":\"https:\\\/\\\/nauticalportimao.com\\\/de\\\/#organization\",\"name\":\"Esta\u00e7\u00e3o N\u00e1utica de Portim\u00e3o\",\"url\":\"https:\\\/\\\/nauticalportimao.com\\\/de\\\/\",\"logo\":{\"@type\":\"ImageObject\",\"inLanguage\":\"de\",\"@id\":\"https:\\\/\\\/nauticalportimao.com\\\/de\\\/#\\\/schema\\\/logo\\\/image\\\/\",\"url\":\"https:\\\/\\\/nauticalportimao.com\\\/wp-content\\\/uploads\\\/2025\\\/08\\\/Estacao-Nautica-Negativo.png\",\"contentUrl\":\"https:\\\/\\\/nauticalportimao.com\\\/wp-content\\\/uploads\\\/2025\\\/08\\\/Estacao-Nautica-Negativo.png\",\"width\":500,\"height\":300,\"caption\":\"Esta\u00e7\u00e3o N\u00e1utica de Portim\u00e3o\"},\"image\":{\"@id\":\"https:\\\/\\\/nauticalportimao.com\\\/de\\\/#\\\/schema\\\/logo\\\/image\\\/\"}}]}<\/script>\n<!-- \/ Yoast SEO plugin. -->","yoast_head_json":{"title":"Datenschutzrichtlinie - Esta\u00e7\u00e3o N\u00e1utica de Portim\u00e3o","robots":{"index":"index","follow":"follow","max-snippet":"max-snippet:-1","max-image-preview":"max-image-preview:large","max-video-preview":"max-video-preview:-1"},"canonical":"https:\/\/nauticalportimao.com\/de\/datenschutzrichtlinie\/","og_locale":"de_DE","og_type":"article","og_title":"Datenschutzrichtlinie - Esta\u00e7\u00e3o N\u00e1utica de Portim\u00e3o","og_description":"Datenschutzbestimmungen Allgemeine Gesch\u00e4ftsbedingungen (AGB) Rechtliche Hinweise Bitte lesen Sie die Allgemeinen Gesch\u00e4ftsbedingungen sorgf\u00e4ltig durch. Durch den Zugriff auf die Website oder deren Nutzung akzeptieren Sie diese ohne weitere Handlung oder nachtr\u00e4gliche Zustimmung. Die Allgemeinen Gesch\u00e4ftsbedingungen k\u00f6nnen jederzeit von der Stadtverwaltung Portim\u00e3o als koordinierender Stelle der Nautischen Station Portim\u00e3o ge\u00e4ndert werden. Es wird davon ausgegangen, dass [&hellip;]","og_url":"https:\/\/nauticalportimao.com\/de\/datenschutzrichtlinie\/","og_site_name":"Esta\u00e7\u00e3o N\u00e1utica de Portim\u00e3o","article_modified_time":"2025-10-16T11:18:53+00:00","twitter_card":"summary_large_image","twitter_misc":{"Gesch\u00e4tzte Lesezeit":"5\u00a0Minuten"},"schema":{"@context":"https:\/\/schema.org","@graph":[{"@type":"WebPage","@id":"https:\/\/nauticalportimao.com\/de\/datenschutzrichtlinie\/","url":"https:\/\/nauticalportimao.com\/de\/datenschutzrichtlinie\/","name":"Datenschutzrichtlinie - Esta\u00e7\u00e3o N\u00e1utica de Portim\u00e3o","isPartOf":{"@id":"https:\/\/nauticalportimao.com\/de\/#website"},"datePublished":"2025-06-27T14:12:08+00:00","dateModified":"2025-10-16T11:18:53+00:00","breadcrumb":{"@id":"https:\/\/nauticalportimao.com\/de\/datenschutzrichtlinie\/#breadcrumb"},"inLanguage":"de","potentialAction":[{"@type":"ReadAction","target":["https:\/\/nauticalportimao.com\/de\/datenschutzrichtlinie\/"]}]},{"@type":"BreadcrumbList","@id":"https:\/\/nauticalportimao.com\/de\/datenschutzrichtlinie\/#breadcrumb","itemListElement":[{"@type":"ListItem","position":1,"name":"In\u00edcio","item":"https:\/\/nauticalportimao.com\/de\/"},{"@type":"ListItem","position":2,"name":"Datenschutzrichtlinie"}]},{"@type":"WebSite","@id":"https:\/\/nauticalportimao.com\/de\/#website","url":"https:\/\/nauticalportimao.com\/de\/","name":"Esta\u00e7\u00e3o N\u00e1utica de Portim\u00e3o","description":"","publisher":{"@id":"https:\/\/nauticalportimao.com\/de\/#organization"},"potentialAction":[{"@type":"SearchAction","target":{"@type":"EntryPoint","urlTemplate":"https:\/\/nauticalportimao.com\/de\/?s={search_term_string}"},"query-input":{"@type":"PropertyValueSpecification","valueRequired":true,"valueName":"search_term_string"}}],"inLanguage":"de"},{"@type":"Organization","@id":"https:\/\/nauticalportimao.com\/de\/#organization","name":"Esta\u00e7\u00e3o N\u00e1utica de Portim\u00e3o","url":"https:\/\/nauticalportimao.com\/de\/","logo":{"@type":"ImageObject","inLanguage":"de","@id":"https:\/\/nauticalportimao.com\/de\/#\/schema\/logo\/image\/","url":"https:\/\/nauticalportimao.com\/wp-content\/uploads\/2025\/08\/Estacao-Nautica-Negativo.png","contentUrl":"https:\/\/nauticalportimao.com\/wp-content\/uploads\/2025\/08\/Estacao-Nautica-Negativo.png","width":500,"height":300,"caption":"Esta\u00e7\u00e3o N\u00e1utica de Portim\u00e3o"},"image":{"@id":"https:\/\/nauticalportimao.com\/de\/#\/schema\/logo\/image\/"}}]}},"_links":{"self":[{"href":"https:\/\/nauticalportimao.com\/de\/wp-json\/wp\/v2\/pages\/3637","targetHints":{"allow":["GET"]}}],"collection":[{"href":"https:\/\/nauticalportimao.com\/de\/wp-json\/wp\/v2\/pages"}],"about":[{"href":"https:\/\/nauticalportimao.com\/de\/wp-json\/wp\/v2\/types\/page"}],"author":[{"embeddable":true,"href":"https:\/\/nauticalportimao.com\/de\/wp-json\/wp\/v2\/users\/1"}],"replies":[{"embeddable":true,"href":"https:\/\/nauticalportimao.com\/de\/wp-json\/wp\/v2\/comments?post=3637"}],"version-history":[{"count":0,"href":"https:\/\/nauticalportimao.com\/de\/wp-json\/wp\/v2\/pages\/3637\/revisions"}],"wp:attachment":[{"href":"https:\/\/nauticalportimao.com\/de\/wp-json\/wp\/v2\/media?parent=3637"}],"curies":[{"name":"wp","href":"https:\/\/api.w.org\/{rel}","templated":true}]}}